{"id":2359,"date":"2013-10-15T10:55:27","date_gmt":"2013-10-15T10:55:27","guid":{"rendered":"http:\/\/www.museodelarioja.es\/museoromanizacion\/?page_id=2359"},"modified":"2015-05-14T15:11:43","modified_gmt":"2015-05-14T15:11:43","slug":"prerromanico","status":"publish","type":"page","link":"https:\/\/www.museodelarioja.es\/museoromanizacion\/coleccion\/prerromanico\/","title":{"rendered":"Actividades econ\u00f3micas"},"content":{"rendered":"<div id='layer_slider_1'  class='avia-layerslider main_color avia-shadow  avia-builder-el-0  el_before_av_hr  avia-builder-el-first  container_wrap sidebar_left' style='  height: 401px;' ><\/div><div id='after_layer_slider_1'  class='main_color av_default_container_wrap container_wrap sidebar_left' style=' '  ><div class='container' ><div class='template-page content  av-content-small units'><div class='post-entry post-entry-type-page post-entry-2359'><div class='entry-content-wrapper clearfix'>\n<div   class='hr hr-default   avia-builder-el-1  el_after_av_layerslider  el_before_av_heading  avia-builder-el-first '><span class='hr-inner ' ><span class='hr-inner-style'><\/span><\/span><\/div>\n<div  style='padding-bottom:10px; ' class='av-special-heading av-special-heading-h5  blockquote classic-quote  avia-builder-el-2  el_after_av_hr  el_before_av_heading  '><h5 class='av-special-heading-tag '  itemprop=\"headline\"  >Introducci\u00f3n<\/h5><div class='special-heading-border'><div class='special-heading-inner-border' ><\/div><\/div><\/div>\n<div  style='padding-bottom:10px; ' class='av-special-heading av-special-heading-h5 meta-heading blockquote classic-quote  avia-builder-el-3  el_after_av_heading  el_before_av_section  avia-builder-el-last  '><h5 class='av-special-heading-tag '  itemprop=\"headline\"  ><span class=\"prerromanos \">Negocio es la negaci\u00f3n del ocio (nec-otium), es decir, el trabajo y la actividad econ\u00f3mica. La m\u00e1s extendida en la Hispania romana era la agricultura representada por algunos aperos, pero sobre todo con las prensas para obtener el vino y el aceite y los recipientes para su conservaci\u00f3n y transporte como \u00e1nforas y grandes tinajas o dolios. Pero en las ciudades tambi\u00e9n se desarrollaba una actividad artesanal para dar cobertura a las necesidades de productos manufacturados: talleres textiles, de hueso, de metales, de vidrio, y, sobre todo, de cer\u00e1mica. En esta producci\u00f3n La Rioja destac\u00f3 en la elaboraci\u00f3n de piezas de vajilla de terra sigillata, que desde su centro de Tritium Magallum, la actual Tricio, suministr\u00f3 durante los siglos I y II d. C. a las mejores mesas de todos los rincones del Imperio.<\/span><\/h5><div class='special-heading-border'><div class='special-heading-inner-border' ><\/div><\/div><\/div>\n<\/div><\/div><\/div><!-- close content main div --><\/div><\/div><div id='av_section_1'  class='avia-section main_color avia-section-default avia-no-shadow  av-parallax-section avia-bg-style-parallax  avia-builder-el-4  el_after_av_heading  el_before_av_heading   av-minimum-height av-minimum-height-custom  container_wrap sidebar_left' style=' '  data-section-bg-repeat='no-repeat'><div class='av-parallax' data-avia-parallax-ratio='0.3' ><div class='av-parallax-inner main_color  avia-full-stretch' style = 'background-repeat: no-repeat; background-image: url(https:\/\/www.museodelarioja.es\/museoromanizacion\/wp-content\/uploads\/Romanizacion-Actividades-Economicas.jpg);background-attachment: scroll; background-position: top left; ' ><\/div><\/div><div class='container' style='height:450px'><div class='template-page content  av-content-small units'><div class='post-entry post-entry-type-page post-entry-2359'><div class='entry-content-wrapper clearfix'><\/div><\/div><\/div><!-- close content main div --><\/div><\/div><div id='after_section_1'  class='main_color av_default_container_wrap container_wrap sidebar_left' style=' '  ><div class='container' ><div class='template-page content  av-content-small units'><div class='post-entry post-entry-type-page post-entry-2359'><div class='entry-content-wrapper clearfix'>\n<div  style='padding-bottom:10px; ' class='av-special-heading av-special-heading-h5  blockquote classic-quote  avia-builder-el-5  el_after_av_section  el_before_av_section  avia-builder-el-no-sibling  '><h5 class='av-special-heading-tag '  itemprop=\"headline\"  >Piezas Destacadas<\/h5><div class='special-heading-border'><div class='special-heading-inner-border' ><\/div><\/div><\/div>\n<\/div><\/div><\/div><!-- close content main div --><\/div><\/div><div id='av_section_2'  class='avia-section alternate_color avia-section-default avia-no-shadow  avia-bg-style-scroll  avia-builder-el-6  el_after_av_heading  avia-builder-el-last   container_wrap sidebar_left' style=' '  ><div class='container' ><div class='template-page content  av-content-small units'><div class='post-entry post-entry-type-page post-entry-2359'><div class='entry-content-wrapper clearfix'>\n<div  id=\"av-sc-portfolio-1\"  class=\"av-portfolio-grid-sorting-container\"><div class='sort_width_container  av-sort-yes' data-portfolio-id='1' ><div id='js_sort_items' ><div class='sort_by_cat hidden '><a href=\"#\" data-filter=\"all_sort\" class=\"all_sort_button active_sort\"><span class=\"inner_sort_button\"><span>Todo<\/span><small class=\"av-cat-count\"> 2 <\/small><\/span><\/a><span class='text-sep nec-ottium_sort_sep'>\/<\/span><a href=\"#\" data-filter=\"nec-ottium_sort\" class=\"nec-ottium_sort_button\" ><span class=\"inner_sort_button\"><span>Nec-ottium<\/span><small class='av-cat-count'> 2 <\/small><\/span><\/a><\/div><\/div><\/div><div class='portfolio_preview_container ' data-portfolio-id='1'>\n\t\t\t\t\t\t\t\t<div class='ajax_controlls iconfont'>\n\t\t\t\t\t\t\t\t\t<a href='#prev' class='ajax_previous' \taria-hidden='true' data-av_icon='\ue878' data-av_iconfont='entypo-fontello'><\/a>\n\t\t\t\t\t\t\t\t\t<a href='#next' class='ajax_next'\t\taria-hidden='true' data-av_icon='\ue879' data-av_iconfont='entypo-fontello'><\/a>\n\t\t\t\t\t\t\t\t\t<a class='avia_close' href='#close'\t\taria-hidden='true' data-av_icon='\ue814' data-av_iconfont='entypo-fontello'><\/a>\n\t\t\t\t\t\t\t\t<\/div>\n\t\t\t\t\t\t\t\t<div class='portfolio-details-inner'><\/div>\n\t\t\t\t\t\t\t<\/div><div  class=' grid-sort-container isotope   no_margin-container with-excerpt-container grid-total-even grid-col-4 grid-links-ajax' data-portfolio-id='1'><div data-ajax-id='3402' class=' grid-entry flex_column isotope-item all_sort no_margin post-entry post-entry-3402 grid-entry-overview grid-loop-1 grid-parity-odd  nec-ottium_sort no-se-lo-pierdan_sort  av_one_fourth first default_av_fullwidth '><article class='main_color inner-entry'  itemscope=\"itemscope\" itemtype=\"https:\/\/schema.org\/CreativeWork\" ><a href='https:\/\/www.museodelarioja.es\/museoromanizacion\/portfolio-item\/tsh\/' title='TSH'  data-rel='grid-1' class='grid-image avia-hover-fx'><img loading=\"lazy\" decoding=\"async\" width=\"260\" height=\"185\" src=\"https:\/\/www.museodelarioja.es\/museoromanizacion\/wp-content\/uploads\/TSH-1200-260x185.jpg\" class=\"attachment-portfolio_small size-portfolio_small wp-post-image\" alt=\"\" \/><\/a><div class='grid-content'><div class='avia-arrow'><\/div><header class=\"entry-content-header\"><h3 class='grid-entry-title entry-title '  itemprop=\"headline\" ><a href='https:\/\/www.museodelarioja.es\/museoromanizacion\/portfolio-item\/tsh\/' title='TSH'>TSH<\/a><\/h3><\/header><\/div><footer class=\"entry-footer\"><\/footer><\/article><\/div><div data-ajax-id='3400' class=' grid-entry flex_column isotope-item all_sort no_margin post-entry post-entry-3400 grid-entry-overview grid-loop-2 grid-parity-even  post-entry-last  nec-ottium_sort no-se-lo-pierdan_sort  av_one_fourth  default_av_fullwidth '><article class='main_color inner-entry'  itemscope=\"itemscope\" itemtype=\"https:\/\/schema.org\/CreativeWork\" ><a href='https:\/\/www.museodelarioja.es\/museoromanizacion\/portfolio-item\/anfora-vinaria\/' title='\u00c1nfora Vinaria'  data-rel='grid-1' class='grid-image avia-hover-fx'><img loading=\"lazy\" decoding=\"async\" width=\"260\" height=\"185\" src=\"https:\/\/www.museodelarioja.es\/museoromanizacion\/wp-content\/uploads\/MOLINO1-1200-260x185.jpg\" class=\"attachment-portfolio_small size-portfolio_small wp-post-image\" alt=\"\" \/><\/a><div class='grid-content'><div class='avia-arrow'><\/div><header class=\"entry-content-header\"><h3 class='grid-entry-title entry-title '  itemprop=\"headline\" ><a href='https:\/\/www.museodelarioja.es\/museoromanizacion\/portfolio-item\/anfora-vinaria\/' title='\u00c1nfora Vinaria'>\u00c1nfora Vinaria<\/a><\/h3><\/header><\/div><footer class=\"entry-footer\"><\/footer><\/article><\/div><\/div><\/div>   <!--   class=\"av-portfolio-grid-sorting-container\"  -->\n<\/div><\/div><\/div><!-- close content main div --><\/div><\/div><div id='after_section_2'  class='main_color av_default_container_wrap container_wrap sidebar_left' style=' '  ><div class='container' ><div class='template-page content  av-content-small units'><div class='post-entry post-entry-type-page post-entry-2359'><div class='entry-content-wrapper clearfix'>\n","protected":false},"excerpt":{"rendered":"","protected":false},"author":2,"featured_media":0,"parent":2357,"menu_order":0,"comment_status":"open","ping_status":"open","template":"","meta":{"footnotes":""},"class_list":["post-2359","page","type-page","status-publish","hentry"],"_links":{"self":[{"href":"https:\/\/www.museodelarioja.es\/museoromanizacion\/wp-json\/wp\/v2\/pages\/2359","targetHints":{"allow":["GET"]}}],"collection":[{"href":"https:\/\/www.museodelarioja.es\/museoromanizacion\/wp-json\/wp\/v2\/pages"}],"about":[{"href":"https:\/\/www.museodelarioja.es\/museoromanizacion\/wp-json\/wp\/v2\/types\/page"}],"author":[{"embeddable":true,"href":"https:\/\/www.museodelarioja.es\/museoromanizacion\/wp-json\/wp\/v2\/users\/2"}],"replies":[{"embeddable":true,"href":"https:\/\/www.museodelarioja.es\/museoromanizacion\/wp-json\/wp\/v2\/comments?post=2359"}],"version-history":[{"count":21,"href":"https:\/\/www.museodelarioja.es\/museoromanizacion\/wp-json\/wp\/v2\/pages\/2359\/revisions"}],"predecessor-version":[{"id":3489,"href":"https:\/\/www.museodelarioja.es\/museoromanizacion\/wp-json\/wp\/v2\/pages\/2359\/revisions\/3489"}],"up":[{"embeddable":true,"href":"https:\/\/www.museodelarioja.es\/museoromanizacion\/wp-json\/wp\/v2\/pages\/2357"}],"wp:attachment":[{"href":"https:\/\/www.museodelarioja.es\/museoromanizacion\/wp-json\/wp\/v2\/media?parent=2359"}],"curies":[{"name":"wp","href":"https:\/\/api.w.org\/{rel}","templated":true}]}}